{"id":3087,"date":"2025-06-29T08:00:57","date_gmt":"2025-06-29T14:00:57","guid":{"rendered":"https:\/\/www.bamxsaltillo.org.mx\/?page_id=3087"},"modified":"2025-06-29T08:46:40","modified_gmt":"2025-06-29T14:46:40","slug":"programa-consulta-nutricional","status":"publish","type":"page","link":"https:\/\/www.bamxsaltillo.org.mx\/index.php\/programa-consulta-nutricional\/","title":{"rendered":"Programa consulta nutricional"},"content":{"rendered":"<h2 class=\" wp-block-heading has-text-align-center has-ast-global-color-5-color has-text-color has-background eplus-wrapper eplus-styles-uid-2466e5\" style=\"background-color:#3eab76\">Consulta nutricional<\/h2>\n\n\n<div class=\"wp-block-uagb-container uagb-block-7cff0d09 alignfull uagb-is-root-container\"><div class=\"uagb-container-inner-blocks-wrap\">\n<p class=\" eplus-wrapper\">En este consultorio buscamos mejorar el estado nutricional de nuestros beneficiarios por medio de consultas nutricionales y orientaci\u00f3n alimentaria contribuyendo as\u00ed a prevenir y controlar enfermedades cr\u00f3nico degenerativas.<\/p>\n\n\n\n<p class=\" eplus-wrapper\">Actualmente atendemos a <strong>54 beneficiarios<\/strong>.<\/p>\n<\/div><\/div>\n\n\n\n<figure class=\" wp-block-gallery has-nested-images columns-default is-cropped eplus-wrapper wp-block-gallery-1 is-layout-flex wp-block-gallery-is-layout-flex\">\n<figure class=\" wp-block-image size-large eplus-wrapper\"><img decoding=\"async\" loading=\"lazy\" width=\"1024\" height=\"768\" data-id=\"3095\" src=\"https:\/\/www.bamxsaltillo.org.mx\/fotchoaz\/2025\/06\/cn01-1024x768.jpg\" alt=\"\" class=\"wp-image-3095\" srcset=\"https:\/\/www.bamxsaltillo.org.mx\/fotchoaz\/2025\/06\/cn01-1024x768.jpg 1024w, https:\/\/www.bamxsaltillo.org.mx\/fotchoaz\/2025\/06\/cn01-300x225.jpg 300w, https:\/\/www.bamxsaltillo.org.mx\/fotchoaz\/2025\/06\/cn01-768x576.jpg 768w, https:\/\/www.bamxsaltillo.org.mx\/fotchoaz\/2025\/06\/cn01.jpg 1280w\" sizes=\"(max-width: 1024px) 100vw, 1024px\" \/><\/figure>\n\n\n\n<figure class=\" wp-block-image size-large eplus-wrapper\"><img decoding=\"async\" loading=\"lazy\" width=\"1024\" height=\"768\" data-id=\"3110\" src=\"https:\/\/www.bamxsaltillo.org.mx\/fotchoaz\/2025\/06\/cn02-1024x768.jpg\" alt=\"\" class=\"wp-image-3110\" srcset=\"https:\/\/www.bamxsaltillo.org.mx\/fotchoaz\/2025\/06\/cn02-1024x768.jpg 1024w, https:\/\/www.bamxsaltillo.org.mx\/fotchoaz\/2025\/06\/cn02-300x225.jpg 300w, https:\/\/www.bamxsaltillo.org.mx\/fotchoaz\/2025\/06\/cn02-768x576.jpg 768w, https:\/\/www.bamxsaltillo.org.mx\/fotchoaz\/2025\/06\/cn02.jpg 1152w\" sizes=\"(max-width: 1024px) 100vw, 1024px\" \/><\/figure>\n\n\n\n<figure class=\" wp-block-image size-large eplus-wrapper\"><img decoding=\"async\" loading=\"lazy\" width=\"1024\" height=\"771\" data-id=\"3096\" src=\"https:\/\/www.bamxsaltillo.org.mx\/fotchoaz\/2025\/06\/cn03-1024x771.jpg\" alt=\"\" class=\"wp-image-3096\" srcset=\"https:\/\/www.bamxsaltillo.org.mx\/fotchoaz\/2025\/06\/cn03-1024x771.jpg 1024w, https:\/\/www.bamxsaltillo.org.mx\/fotchoaz\/2025\/06\/cn03-300x226.jpg 300w, https:\/\/www.bamxsaltillo.org.mx\/fotchoaz\/2025\/06\/cn03-768x578.jpg 768w, https:\/\/www.bamxsaltillo.org.mx\/fotchoaz\/2025\/06\/cn03-1536x1156.jpg 1536w, https:\/\/www.bamxsaltillo.org.mx\/fotchoaz\/2025\/06\/cn03.jpg 1600w\" sizes=\"(max-width: 1024px) 100vw, 1024px\" \/><\/figure>\n\n\n\n<figure class=\" wp-block-image size-large eplus-wrapper\"><img decoding=\"async\" loading=\"lazy\" width=\"768\" height=\"1024\" data-id=\"3105\" src=\"https:\/\/www.bamxsaltillo.org.mx\/fotchoaz\/2025\/06\/cn04-768x1024.jpg\" alt=\"\" class=\"wp-image-3105\" srcset=\"https:\/\/www.bamxsaltillo.org.mx\/fotchoaz\/2025\/06\/cn04-768x1024.jpg 768w, https:\/\/www.bamxsaltillo.org.mx\/fotchoaz\/2025\/06\/cn04-225x300.jpg 225w, https:\/\/www.bamxsaltillo.org.mx\/fotchoaz\/2025\/06\/cn04-1152x1536.jpg 1152w, https:\/\/www.bamxsaltillo.org.mx\/fotchoaz\/2025\/06\/cn04.jpg 1200w\" sizes=\"(max-width: 768px) 100vw, 768px\" \/><\/figure>\n\n\n\n<figure class=\" wp-block-image size-large eplus-wrapper\"><img decoding=\"async\" loading=\"lazy\" width=\"1024\" height=\"768\" data-id=\"3106\" src=\"https:\/\/www.bamxsaltillo.org.mx\/fotchoaz\/2025\/06\/cn05-1024x768.jpg\" alt=\"\" class=\"wp-image-3106\" srcset=\"https:\/\/www.bamxsaltillo.org.mx\/fotchoaz\/2025\/06\/cn05-1024x768.jpg 1024w, https:\/\/www.bamxsaltillo.org.mx\/fotchoaz\/2025\/06\/cn05-300x225.jpg 300w, https:\/\/www.bamxsaltillo.org.mx\/fotchoaz\/2025\/06\/cn05-768x576.jpg 768w, https:\/\/www.bamxsaltillo.org.mx\/fotchoaz\/2025\/06\/cn05-1536x1153.jpg 1536w, https:\/\/www.bamxsaltillo.org.mx\/fotchoaz\/2025\/06\/cn05.jpg 1599w\" sizes=\"(max-width: 1024px) 100vw, 1024px\" \/><\/figure>\n\n\n\n<figure class=\" wp-block-image size-large eplus-wrapper\"><img decoding=\"async\" loading=\"lazy\" width=\"768\" height=\"1024\" data-id=\"3112\" src=\"https:\/\/www.bamxsaltillo.org.mx\/fotchoaz\/2025\/06\/cn06-768x1024.jpg\" alt=\"\" class=\"wp-image-3112\" srcset=\"https:\/\/www.bamxsaltillo.org.mx\/fotchoaz\/2025\/06\/cn06-768x1024.jpg 768w, https:\/\/www.bamxsaltillo.org.mx\/fotchoaz\/2025\/06\/cn06-225x300.jpg 225w, https:\/\/www.bamxsaltillo.org.mx\/fotchoaz\/2025\/06\/cn06-1152x1536.jpg 1152w, https:\/\/www.bamxsaltillo.org.mx\/fotchoaz\/2025\/06\/cn06.jpg 1200w\" sizes=\"(max-width: 768px) 100vw, 768px\" \/><\/figure>\n\n\n\n<figure class=\" wp-block-image size-large eplus-wrapper\"><img decoding=\"async\" loading=\"lazy\" width=\"768\" height=\"1024\" data-id=\"3097\" src=\"https:\/\/www.bamxsaltillo.org.mx\/fotchoaz\/2025\/06\/cn07-768x1024.jpg\" alt=\"\" class=\"wp-image-3097\" srcset=\"https:\/\/www.bamxsaltillo.org.mx\/fotchoaz\/2025\/06\/cn07-768x1024.jpg 768w, https:\/\/www.bamxsaltillo.org.mx\/fotchoaz\/2025\/06\/cn07-225x300.jpg 225w, https:\/\/www.bamxsaltillo.org.mx\/fotchoaz\/2025\/06\/cn07-1152x1536.jpg 1152w, https:\/\/www.bamxsaltillo.org.mx\/fotchoaz\/2025\/06\/cn07.jpg 1200w\" sizes=\"(max-width: 768px) 100vw, 768px\" \/><\/figure>\n\n\n\n<figure class=\" wp-block-image size-large eplus-wrapper\"><img decoding=\"async\" loading=\"lazy\" width=\"768\" height=\"1024\" data-id=\"3107\" src=\"https:\/\/www.bamxsaltillo.org.mx\/fotchoaz\/2025\/06\/cn08-768x1024.jpg\" alt=\"\" class=\"wp-image-3107\" srcset=\"https:\/\/www.bamxsaltillo.org.mx\/fotchoaz\/2025\/06\/cn08-768x1024.jpg 768w, https:\/\/www.bamxsaltillo.org.mx\/fotchoaz\/2025\/06\/cn08-225x300.jpg 225w, https:\/\/www.bamxsaltillo.org.mx\/fotchoaz\/2025\/06\/cn08.jpg 780w\" sizes=\"(max-width: 768px) 100vw, 768px\" \/><\/figure>\n\n\n\n<figure class=\" wp-block-image size-large eplus-wrapper\"><img decoding=\"async\" loading=\"lazy\" width=\"768\" height=\"1024\" data-id=\"3094\" src=\"https:\/\/www.bamxsaltillo.org.mx\/fotchoaz\/2025\/06\/cn09-768x1024.jpg\" alt=\"\" class=\"wp-image-3094\" srcset=\"https:\/\/www.bamxsaltillo.org.mx\/fotchoaz\/2025\/06\/cn09-768x1024.jpg 768w, https:\/\/www.bamxsaltillo.org.mx\/fotchoaz\/2025\/06\/cn09-225x300.jpg 225w, https:\/\/www.bamxsaltillo.org.mx\/fotchoaz\/2025\/06\/cn09-1152x1536.jpg 1152w, https:\/\/www.bamxsaltillo.org.mx\/fotchoaz\/2025\/06\/cn09.jpg 1200w\" sizes=\"(max-width: 768px) 100vw, 768px\" \/><\/figure>\n\n\n\n<figure class=\" wp-block-image size-large eplus-wrapper\"><img decoding=\"async\" loading=\"lazy\" width=\"1024\" height=\"770\" data-id=\"3098\" src=\"https:\/\/www.bamxsaltillo.org.mx\/fotchoaz\/2025\/06\/cn10-1024x770.jpg\" alt=\"\" class=\"wp-image-3098\" srcset=\"https:\/\/www.bamxsaltillo.org.mx\/fotchoaz\/2025\/06\/cn10-1024x770.jpg 1024w, https:\/\/www.bamxsaltillo.org.mx\/fotchoaz\/2025\/06\/cn10-300x226.jpg 300w, https:\/\/www.bamxsaltillo.org.mx\/fotchoaz\/2025\/06\/cn10-768x578.jpg 768w, https:\/\/www.bamxsaltillo.org.mx\/fotchoaz\/2025\/06\/cn10.jpg 1280w\" sizes=\"(max-width: 1024px) 100vw, 1024px\" \/><\/figure>\n\n\n\n<figure class=\" wp-block-image size-large eplus-wrapper\"><img decoding=\"async\" loading=\"lazy\" width=\"768\" height=\"1024\" data-id=\"3100\" src=\"https:\/\/www.bamxsaltillo.org.mx\/fotchoaz\/2025\/06\/cn11-768x1024.jpg\" alt=\"\" class=\"wp-image-3100\" srcset=\"https:\/\/www.bamxsaltillo.org.mx\/fotchoaz\/2025\/06\/cn11-768x1024.jpg 768w, https:\/\/www.bamxsaltillo.org.mx\/fotchoaz\/2025\/06\/cn11-225x300.jpg 225w, https:\/\/www.bamxsaltillo.org.mx\/fotchoaz\/2025\/06\/cn11-1152x1536.jpg 1152w, https:\/\/www.bamxsaltillo.org.mx\/fotchoaz\/2025\/06\/cn11.jpg 1200w\" sizes=\"(max-width: 768px) 100vw, 768px\" \/><\/figure>\n\n\n\n<figure class=\" wp-block-image size-large eplus-wrapper\"><img decoding=\"async\" loading=\"lazy\" width=\"1024\" height=\"768\" data-id=\"3101\" src=\"https:\/\/www.bamxsaltillo.org.mx\/fotchoaz\/2025\/06\/cn12-1024x768.jpg\" alt=\"\" class=\"wp-image-3101\" srcset=\"https:\/\/www.bamxsaltillo.org.mx\/fotchoaz\/2025\/06\/cn12-1024x768.jpg 1024w, https:\/\/www.bamxsaltillo.org.mx\/fotchoaz\/2025\/06\/cn12-300x225.jpg 300w, https:\/\/www.bamxsaltillo.org.mx\/fotchoaz\/2025\/06\/cn12-768x576.jpg 768w, https:\/\/www.bamxsaltillo.org.mx\/fotchoaz\/2025\/06\/cn12-1536x1152.jpg 1536w, https:\/\/www.bamxsaltillo.org.mx\/fotchoaz\/2025\/06\/cn12.jpg 1600w\" sizes=\"(max-width: 1024px) 100vw, 1024px\" \/><\/figure>\n\n\n\n<figure class=\" wp-block-image size-large eplus-wrapper\"><img decoding=\"async\" loading=\"lazy\" width=\"768\" height=\"1024\" data-id=\"3109\" src=\"https:\/\/www.bamxsaltillo.org.mx\/fotchoaz\/2025\/06\/cn13-768x1024.jpg\" alt=\"\" class=\"wp-image-3109\" srcset=\"https:\/\/www.bamxsaltillo.org.mx\/fotchoaz\/2025\/06\/cn13-768x1024.jpg 768w, https:\/\/www.bamxsaltillo.org.mx\/fotchoaz\/2025\/06\/cn13-225x300.jpg 225w, https:\/\/www.bamxsaltillo.org.mx\/fotchoaz\/2025\/06\/cn13-1152x1536.jpg 1152w, https:\/\/www.bamxsaltillo.org.mx\/fotchoaz\/2025\/06\/cn13.jpg 1200w\" sizes=\"(max-width: 768px) 100vw, 768px\" \/><\/figure>\n\n\n\n<figure class=\" wp-block-image size-large eplus-wrapper\"><img decoding=\"async\" loading=\"lazy\" width=\"1024\" height=\"968\" data-id=\"3104\" src=\"https:\/\/www.bamxsaltillo.org.mx\/fotchoaz\/2025\/06\/cn14-1024x968.jpg\" alt=\"\" class=\"wp-image-3104\" srcset=\"https:\/\/www.bamxsaltillo.org.mx\/fotchoaz\/2025\/06\/cn14-1024x968.jpg 1024w, https:\/\/www.bamxsaltillo.org.mx\/fotchoaz\/2025\/06\/cn14-300x284.jpg 300w, https:\/\/www.bamxsaltillo.org.mx\/fotchoaz\/2025\/06\/cn14-768x726.jpg 768w, https:\/\/www.bamxsaltillo.org.mx\/fotchoaz\/2025\/06\/cn14-1536x1452.jpg 1536w, https:\/\/www.bamxsaltillo.org.mx\/fotchoaz\/2025\/06\/cn14.jpg 1600w\" sizes=\"(max-width: 1024px) 100vw, 1024px\" \/><\/figure>\n\n\n\n<figure class=\" wp-block-image size-large eplus-wrapper\"><img decoding=\"async\" loading=\"lazy\" width=\"768\" height=\"1024\" data-id=\"3111\" src=\"https:\/\/www.bamxsaltillo.org.mx\/fotchoaz\/2025\/06\/cn15-768x1024.jpg\" alt=\"\" class=\"wp-image-3111\" srcset=\"https:\/\/www.bamxsaltillo.org.mx\/fotchoaz\/2025\/06\/cn15-768x1024.jpg 768w, https:\/\/www.bamxsaltillo.org.mx\/fotchoaz\/2025\/06\/cn15-225x300.jpg 225w, https:\/\/www.bamxsaltillo.org.mx\/fotchoaz\/2025\/06\/cn15-1152x1536.jpg 1152w, https:\/\/www.bamxsaltillo.org.mx\/fotchoaz\/2025\/06\/cn15.jpg 1200w\" sizes=\"(max-width: 768px) 100vw, 768px\" \/><\/figure>\n\n\n\n<figure class=\" wp-block-image size-large eplus-wrapper\"><img decoding=\"async\" loading=\"lazy\" width=\"768\" height=\"1024\" data-id=\"3099\" src=\"https:\/\/www.bamxsaltillo.org.mx\/fotchoaz\/2025\/06\/cn16-768x1024.jpg\" alt=\"\" class=\"wp-image-3099\" srcset=\"https:\/\/www.bamxsaltillo.org.mx\/fotchoaz\/2025\/06\/cn16-768x1024.jpg 768w, https:\/\/www.bamxsaltillo.org.mx\/fotchoaz\/2025\/06\/cn16-225x300.jpg 225w, https:\/\/www.bamxsaltillo.org.mx\/fotchoaz\/2025\/06\/cn16-1152x1536.jpg 1152w, https:\/\/www.bamxsaltillo.org.mx\/fotchoaz\/2025\/06\/cn16.jpg 1200w\" sizes=\"(max-width: 768px) 100vw, 768px\" \/><\/figure>\n\n\n\n<figure class=\" wp-block-image size-large eplus-wrapper\"><img decoding=\"async\" loading=\"lazy\" width=\"768\" height=\"1024\" data-id=\"3102\" src=\"https:\/\/www.bamxsaltillo.org.mx\/fotchoaz\/2025\/06\/cn17-768x1024.jpg\" alt=\"\" class=\"wp-image-3102\" srcset=\"https:\/\/www.bamxsaltillo.org.mx\/fotchoaz\/2025\/06\/cn17-768x1024.jpg 768w, https:\/\/www.bamxsaltillo.org.mx\/fotchoaz\/2025\/06\/cn17-225x300.jpg 225w, https:\/\/www.bamxsaltillo.org.mx\/fotchoaz\/2025\/06\/cn17-1152x1536.jpg 1152w, https:\/\/www.bamxsaltillo.org.mx\/fotchoaz\/2025\/06\/cn17.jpg 1200w\" sizes=\"(max-width: 768px) 100vw, 768px\" \/><\/figure>\n\n\n\n<figure class=\" wp-block-image size-large eplus-wrapper\"><img decoding=\"async\" loading=\"lazy\" width=\"768\" height=\"1024\" data-id=\"3108\" src=\"https:\/\/www.bamxsaltillo.org.mx\/fotchoaz\/2025\/06\/cn18-768x1024.jpg\" alt=\"\" class=\"wp-image-3108\" srcset=\"https:\/\/www.bamxsaltillo.org.mx\/fotchoaz\/2025\/06\/cn18-768x1024.jpg 768w, https:\/\/www.bamxsaltillo.org.mx\/fotchoaz\/2025\/06\/cn18-225x300.jpg 225w, https:\/\/www.bamxsaltillo.org.mx\/fotchoaz\/2025\/06\/cn18-1152x1536.jpg 1152w, https:\/\/www.bamxsaltillo.org.mx\/fotchoaz\/2025\/06\/cn18.jpg 1200w\" sizes=\"(max-width: 768px) 100vw, 768px\" \/><\/figure>\n\n\n\n<figure class=\" wp-block-image size-large eplus-wrapper\"><img decoding=\"async\" loading=\"lazy\" width=\"576\" height=\"1024\" data-id=\"3103\" src=\"https:\/\/www.bamxsaltillo.org.mx\/fotchoaz\/2025\/06\/cn19-576x1024.jpg\" alt=\"\" class=\"wp-image-3103\" srcset=\"https:\/\/www.bamxsaltillo.org.mx\/fotchoaz\/2025\/06\/cn19-576x1024.jpg 576w, https:\/\/www.bamxsaltillo.org.mx\/fotchoaz\/2025\/06\/cn19-169x300.jpg 169w, https:\/\/www.bamxsaltillo.org.mx\/fotchoaz\/2025\/06\/cn19-768x1366.jpg 768w, https:\/\/www.bamxsaltillo.org.mx\/fotchoaz\/2025\/06\/cn19-864x1536.jpg 864w, https:\/\/www.bamxsaltillo.org.mx\/fotchoaz\/2025\/06\/cn19.jpg 899w\" sizes=\"(max-width: 576px) 100vw, 576px\" \/><\/figure>\n<\/figure>\n","protected":false},"excerpt":{"rendered":"<p>Consulta nutricional En este consultorio buscamos mejorar el estado nutricional de nuestros beneficiarios por medio de consultas nutricionales y orientaci\u00f3n alimentaria contribuyendo as\u00ed a prevenir y controlar enfermedades cr\u00f3nico degenerativas. Actualmente atendemos a 54 beneficiarios.<\/p>\n","protected":false},"author":1,"featured_media":0,"parent":0,"menu_order":0,"comment_status":"closed","ping_status":"closed","template":"","meta":{"_eb_attr":"","inline_featured_image":false,"_uag_custom_page_level_css":"","editor_plus_copied_stylings":"{}","site-sidebar-layout":"default","site-content-layout":"","ast-site-content-layout":"default","site-content-style":"default","site-sidebar-style":"default","ast-global-header-display":"","ast-banner-title-visibility":"","ast-main-header-display":"","ast-hfb-above-header-display":"","ast-hfb-below-header-display":"","ast-hfb-mobile-header-display":"","site-post-title":"disabled","ast-breadcrumbs-content":"","ast-featured-img":"","footer-sml-layout":"","theme-transparent-header-meta":"","adv-header-id-meta":"","stick-header-meta":"","header-above-stick-meta":"","header-main-stick-meta":"","header-below-stick-meta":"","astra-migrate-meta-layouts":"set","footnotes":""},"yoast_head":"\n<title>Programa consulta nutricional -<\/title>\n<meta name=\"robots\" content=\"index, follow, max-snippet:-1, max-image-preview:large, max-video-preview:-1\" \/>\n<link rel=\"canonical\" href=\"https:\/\/www.bamxsaltillo.org.mx\/index.php\/programa-consulta-nutricional\/\" \/>\n<meta property=\"og:locale\" content=\"es_MX\" \/>\n<meta property=\"og:type\" content=\"article\" \/>\n<meta property=\"og:title\" content=\"Programa consulta nutricional -\" \/>\n<meta property=\"og:description\" content=\"Consulta nutricional En este consultorio buscamos mejorar el estado nutricional de nuestros beneficiarios por medio de consultas nutricionales y orientaci\u00f3n alimentaria contribuyendo as\u00ed a prevenir y controlar enfermedades cr\u00f3nico degenerativas. Actualmente atendemos a 54 beneficiarios.\" \/>\n<meta property=\"og:url\" content=\"https:\/\/www.bamxsaltillo.org.mx\/index.php\/programa-consulta-nutricional\/\" \/>\n<meta property=\"article:publisher\" content=\"https:\/\/www.facebook.com\/bamxsaltillo\" \/>\n<meta property=\"article:modified_time\" content=\"2025-06-29T14:46:40+00:00\" \/>\n<meta property=\"og:image\" content=\"https:\/\/www.bamxsaltillo.org.mx\/fotchoaz\/2025\/06\/cn01-1024x768.jpg\" \/>\n<meta name=\"twitter:card\" content=\"summary_large_image\" \/>\n<meta name=\"twitter:site\" content=\"@saltillobamx\" \/>\n<meta name=\"twitter:label1\" content=\"Tiempo de lectura\" \/>\n\t<meta name=\"twitter:data1\" content=\"4 minutos\" \/>\n<script type=\"application\/ld+json\" class=\"yoast-schema-graph\">{\"@context\":\"https:\/\/schema.org\",\"@graph\":[{\"@type\":\"WebPage\",\"@id\":\"https:\/\/www.bamxsaltillo.org.mx\/index.php\/programa-consulta-nutricional\/\",\"url\":\"https:\/\/www.bamxsaltillo.org.mx\/index.php\/programa-consulta-nutricional\/\",\"name\":\"Programa consulta nutricional -\",\"isPartOf\":{\"@id\":\"https:\/\/www.bamxsaltillo.org.mx\/#website\"},\"datePublished\":\"2025-06-29T14:00:57+00:00\",\"dateModified\":\"2025-06-29T14:46:40+00:00\",\"breadcrumb\":{\"@id\":\"https:\/\/www.bamxsaltillo.org.mx\/index.php\/programa-consulta-nutricional\/#breadcrumb\"},\"inLanguage\":\"es-MX\",\"potentialAction\":[{\"@type\":\"ReadAction\",\"target\":[\"https:\/\/www.bamxsaltillo.org.mx\/index.php\/programa-consulta-nutricional\/\"]}]},{\"@type\":\"BreadcrumbList\",\"@id\":\"https:\/\/www.bamxsaltillo.org.mx\/index.php\/programa-consulta-nutricional\/#breadcrumb\",\"itemListElement\":[{\"@type\":\"ListItem\",\"position\":1,\"name\":\"Inicio\",\"item\":\"https:\/\/www.bamxsaltillo.org.mx\/\"},{\"@type\":\"ListItem\",\"position\":2,\"name\":\"Programa consulta nutricional\"}]},{\"@type\":\"WebSite\",\"@id\":\"https:\/\/www.bamxsaltillo.org.mx\/#website\",\"url\":\"https:\/\/www.bamxsaltillo.org.mx\/\",\"name\":\"Banco de alimentos de Saltillo\",\"description\":\"\",\"publisher\":{\"@id\":\"https:\/\/www.bamxsaltillo.org.mx\/#organization\"},\"potentialAction\":[{\"@type\":\"SearchAction\",\"target\":{\"@type\":\"EntryPoint\",\"urlTemplate\":\"https:\/\/www.bamxsaltillo.org.mx\/?s={search_term_string}\"},\"query-input\":\"required name=search_term_string\"}],\"inLanguage\":\"es-MX\"},{\"@type\":\"Organization\",\"@id\":\"https:\/\/www.bamxsaltillo.org.mx\/#organization\",\"name\":\"Banco de alimentos de Saltillo\",\"url\":\"https:\/\/www.bamxsaltillo.org.mx\/\",\"logo\":{\"@type\":\"ImageObject\",\"inLanguage\":\"es-MX\",\"@id\":\"https:\/\/www.bamxsaltillo.org.mx\/#\/schema\/logo\/image\/\",\"url\":\"https:\/\/www.bamxsaltillo.org.mx\/fotchoaz\/2023\/04\/cropped-Logo_00-1.png\",\"contentUrl\":\"https:\/\/www.bamxsaltillo.org.mx\/fotchoaz\/2023\/04\/cropped-Logo_00-1.png\",\"width\":390,\"height\":280,\"caption\":\"Banco de alimentos de Saltillo\"},\"image\":{\"@id\":\"https:\/\/www.bamxsaltillo.org.mx\/#\/schema\/logo\/image\/\"},\"sameAs\":[\"https:\/\/www.facebook.com\/bamxsaltillo\",\"https:\/\/twitter.com\/saltillobamx\",\"https:\/\/www.instagram.com\/banco.alimentos.saltillo\/?hl=es-la\",\"https:\/\/www.youtube.com\/channel\/UCJacDQPCLdtOIGheBBskEIQ\"]}]}<\/script>\n","yoast_head_json":{"title":"Programa consulta nutricional -","robots":{"index":"index","follow":"follow","max-snippet":"max-snippet:-1","max-image-preview":"max-image-preview:large","max-video-preview":"max-video-preview:-1"},"canonical":"https:\/\/www.bamxsaltillo.org.mx\/index.php\/programa-consulta-nutricional\/","og_locale":"es_MX","og_type":"article","og_title":"Programa consulta nutricional -","og_description":"Consulta nutricional En este consultorio buscamos mejorar el estado nutricional de nuestros beneficiarios por medio de consultas nutricionales y orientaci\u00f3n alimentaria contribuyendo as\u00ed a prevenir y controlar enfermedades cr\u00f3nico degenerativas. Actualmente atendemos a 54 beneficiarios.","og_url":"https:\/\/www.bamxsaltillo.org.mx\/index.php\/programa-consulta-nutricional\/","article_publisher":"https:\/\/www.facebook.com\/bamxsaltillo","article_modified_time":"2025-06-29T14:46:40+00:00","og_image":[{"url":"https:\/\/www.bamxsaltillo.org.mx\/fotchoaz\/2025\/06\/cn01-1024x768.jpg"}],"twitter_card":"summary_large_image","twitter_site":"@saltillobamx","twitter_misc":{"Tiempo de lectura":"4 minutos"},"schema":{"@context":"https:\/\/schema.org","@graph":[{"@type":"WebPage","@id":"https:\/\/www.bamxsaltillo.org.mx\/index.php\/programa-consulta-nutricional\/","url":"https:\/\/www.bamxsaltillo.org.mx\/index.php\/programa-consulta-nutricional\/","name":"Programa consulta nutricional -","isPartOf":{"@id":"https:\/\/www.bamxsaltillo.org.mx\/#website"},"datePublished":"2025-06-29T14:00:57+00:00","dateModified":"2025-06-29T14:46:40+00:00","breadcrumb":{"@id":"https:\/\/www.bamxsaltillo.org.mx\/index.php\/programa-consulta-nutricional\/#breadcrumb"},"inLanguage":"es-MX","potentialAction":[{"@type":"ReadAction","target":["https:\/\/www.bamxsaltillo.org.mx\/index.php\/programa-consulta-nutricional\/"]}]},{"@type":"BreadcrumbList","@id":"https:\/\/www.bamxsaltillo.org.mx\/index.php\/programa-consulta-nutricional\/#breadcrumb","itemListElement":[{"@type":"ListItem","position":1,"name":"Inicio","item":"https:\/\/www.bamxsaltillo.org.mx\/"},{"@type":"ListItem","position":2,"name":"Programa consulta nutricional"}]},{"@type":"WebSite","@id":"https:\/\/www.bamxsaltillo.org.mx\/#website","url":"https:\/\/www.bamxsaltillo.org.mx\/","name":"Banco de alimentos de Saltillo","description":"","publisher":{"@id":"https:\/\/www.bamxsaltillo.org.mx\/#organization"},"potentialAction":[{"@type":"SearchAction","target":{"@type":"EntryPoint","urlTemplate":"https:\/\/www.bamxsaltillo.org.mx\/?s={search_term_string}"},"query-input":"required name=search_term_string"}],"inLanguage":"es-MX"},{"@type":"Organization","@id":"https:\/\/www.bamxsaltillo.org.mx\/#organization","name":"Banco de alimentos de Saltillo","url":"https:\/\/www.bamxsaltillo.org.mx\/","logo":{"@type":"ImageObject","inLanguage":"es-MX","@id":"https:\/\/www.bamxsaltillo.org.mx\/#\/schema\/logo\/image\/","url":"https:\/\/www.bamxsaltillo.org.mx\/fotchoaz\/2023\/04\/cropped-Logo_00-1.png","contentUrl":"https:\/\/www.bamxsaltillo.org.mx\/fotchoaz\/2023\/04\/cropped-Logo_00-1.png","width":390,"height":280,"caption":"Banco de alimentos de Saltillo"},"image":{"@id":"https:\/\/www.bamxsaltillo.org.mx\/#\/schema\/logo\/image\/"},"sameAs":["https:\/\/www.facebook.com\/bamxsaltillo","https:\/\/twitter.com\/saltillobamx","https:\/\/www.instagram.com\/banco.alimentos.saltillo\/?hl=es-la","https:\/\/www.youtube.com\/channel\/UCJacDQPCLdtOIGheBBskEIQ"]}]}},"uagb_featured_image_src":{"full":false,"thumbnail":false,"medium":false,"medium_large":false,"large":false,"1536x1536":false,"2048x2048":false},"uagb_author_info":{"display_name":"admin","author_link":"https:\/\/www.bamxsaltillo.org.mx\/index.php\/author\/admin\/"},"uagb_comment_info":0,"uagb_excerpt":"Consulta nutricional En este consultorio buscamos mejorar el estado nutricional de nuestros beneficiarios por medio de consultas nutricionales y orientaci\u00f3n alimentaria contribuyendo as\u00ed a prevenir y controlar enfermedades cr\u00f3nico degenerativas. Actualmente atendemos a 54 beneficiarios.","_links":{"self":[{"href":"https:\/\/www.bamxsaltillo.org.mx\/index.php\/wp-json\/wp\/v2\/pages\/3087"}],"collection":[{"href":"https:\/\/www.bamxsaltillo.org.mx\/index.php\/wp-json\/wp\/v2\/pages"}],"about":[{"href":"https:\/\/www.bamxsaltillo.org.mx\/index.php\/wp-json\/wp\/v2\/types\/page"}],"author":[{"embeddable":true,"href":"https:\/\/www.bamxsaltillo.org.mx\/index.php\/wp-json\/wp\/v2\/users\/1"}],"replies":[{"embeddable":true,"href":"https:\/\/www.bamxsaltillo.org.mx\/index.php\/wp-json\/wp\/v2\/comments?post=3087"}],"version-history":[{"count":4,"href":"https:\/\/www.bamxsaltillo.org.mx\/index.php\/wp-json\/wp\/v2\/pages\/3087\/revisions"}],"predecessor-version":[{"id":3163,"href":"https:\/\/www.bamxsaltillo.org.mx\/index.php\/wp-json\/wp\/v2\/pages\/3087\/revisions\/3163"}],"wp:attachment":[{"href":"https:\/\/www.bamxsaltillo.org.mx\/index.php\/wp-json\/wp\/v2\/media?parent=3087"}],"curies":[{"name":"wp","href":"https:\/\/api.w.org\/{rel}","templated":true}]}}